{"id":2961,"date":"2023-05-05T14:44:18","date_gmt":"2023-05-05T12:44:18","guid":{"rendered":"https:\/\/fr.areas.com\/?page_id=2961"},"modified":"2024-02-19T20:01:35","modified_gmt":"2024-02-19T18:01:35","slug":"presse","status":"publish","type":"page","link":"https:\/\/fr.areas.com\/fr\/presse\/","title":{"rendered":"Presse"},"content":{"rendered":"","protected":false},"excerpt":{"rendered":"","protected":false},"author":29,"featured_media":0,"parent":0,"menu_order":0,"comment_status":"closed","ping_status":"closed","template":"temaplates\/page-full-width.php","meta":[],"acf":[],"yoast_head":"<!-- This site is optimized with the Yoast SEO plugin v17.6 - https:\/\/yoast.com\/wordpress\/plugins\/seo\/ -->\n<title>Presse - Areas | France<\/title>\n<meta name=\"description\" content=\"Les communiqu\u00e9s de presse d&#039;Areas France - D\u00e9couvrez nos actualit\u00e9s partout en France sur autoroutes, gares, a\u00e9roports et centre de Loisirs.\" \/>\n<meta name=\"robots\" content=\"index, follow, max-snippet:-1, max-image-preview:large, max-video-preview:-1\" \/>\n<link rel=\"canonical\" href=\"https:\/\/fr.areas.com\/fr\/presse\/\" \/>\n<meta property=\"og:locale\" content=\"fr_FR\" \/>\n<meta property=\"og:type\" content=\"article\" \/>\n<meta property=\"og:title\" content=\"Presse - Areas | France\" \/>\n<meta property=\"og:description\" content=\"Les communiqu\u00e9s de presse d&#039;Areas France - D\u00e9couvrez nos actualit\u00e9s partout en France sur autoroutes, gares, a\u00e9roports et centre de Loisirs.\" \/>\n<meta property=\"og:url\" content=\"https:\/\/fr.areas.com\/fr\/presse\/\" \/>\n<meta property=\"og:site_name\" content=\"Areas | France\" \/>\n<meta property=\"article:modified_time\" content=\"2024-02-19T18:01:35+00:00\" \/>\n<meta name=\"twitter:card\" content=\"summary_large_image\" \/>\n<script type=\"application\/ld+json\" class=\"yoast-schema-graph\">{\"@context\":\"https:\/\/schema.org\",\"@graph\":[{\"@type\":\"WebSite\",\"@id\":\"https:\/\/fr.areas.com\/fr\/#website\",\"url\":\"https:\/\/fr.areas.com\/fr\/\",\"name\":\"Areas | France\",\"description\":\"\",\"potentialAction\":[{\"@type\":\"SearchAction\",\"target\":{\"@type\":\"EntryPoint\",\"urlTemplate\":\"https:\/\/fr.areas.com\/fr\/?s={search_term_string}\"},\"query-input\":\"required name=search_term_string\"}],\"inLanguage\":\"fr-FR\"},{\"@type\":\"WebPage\",\"@id\":\"https:\/\/fr.areas.com\/fr\/presse\/#webpage\",\"url\":\"https:\/\/fr.areas.com\/fr\/presse\/\",\"name\":\"Presse - Areas | France\",\"isPartOf\":{\"@id\":\"https:\/\/fr.areas.com\/fr\/#website\"},\"datePublished\":\"2023-05-05T12:44:18+00:00\",\"dateModified\":\"2024-02-19T18:01:35+00:00\",\"description\":\"Les communiqu\\u00e9s de presse d'Areas France - D\\u00e9couvrez nos actualit\\u00e9s partout en France sur autoroutes, gares, a\\u00e9roports et centre de Loisirs.\",\"breadcrumb\":{\"@id\":\"https:\/\/fr.areas.com\/fr\/presse\/#breadcrumb\"},\"inLanguage\":\"fr-FR\",\"potentialAction\":[{\"@type\":\"ReadAction\",\"target\":[\"https:\/\/fr.areas.com\/fr\/presse\/\"]}]},{\"@type\":\"BreadcrumbList\",\"@id\":\"https:\/\/fr.areas.com\/fr\/presse\/#breadcrumb\",\"itemListElement\":[{\"@type\":\"ListItem\",\"position\":1,\"name\":\"Home\",\"item\":\"https:\/\/fr.areas.com\/fr\/\"},{\"@type\":\"ListItem\",\"position\":2,\"name\":\"Presse\"}]}]}<\/script>\n<!-- \/ Yoast SEO plugin. -->","yoast_head_json":{"title":"Presse - Areas | France","description":"Les communiqu\u00e9s de presse d'Areas France - D\u00e9couvrez nos actualit\u00e9s partout en France sur autoroutes, gares, a\u00e9roports et centre de Loisirs.","robots":{"index":"index","follow":"follow","max-snippet":"max-snippet:-1","max-image-preview":"max-image-preview:large","max-video-preview":"max-video-preview:-1"},"canonical":"https:\/\/fr.areas.com\/fr\/presse\/","og_locale":"fr_FR","og_type":"article","og_title":"Presse - Areas | France","og_description":"Les communiqu\u00e9s de presse d'Areas France - D\u00e9couvrez nos actualit\u00e9s partout en France sur autoroutes, gares, a\u00e9roports et centre de Loisirs.","og_url":"https:\/\/fr.areas.com\/fr\/presse\/","og_site_name":"Areas | France","article_modified_time":"2024-02-19T18:01:35+00:00","twitter_card":"summary_large_image","schema":{"@context":"https:\/\/schema.org","@graph":[{"@type":"WebSite","@id":"https:\/\/fr.areas.com\/fr\/#website","url":"https:\/\/fr.areas.com\/fr\/","name":"Areas | France","description":"","potentialAction":[{"@type":"SearchAction","target":{"@type":"EntryPoint","urlTemplate":"https:\/\/fr.areas.com\/fr\/?s={search_term_string}"},"query-input":"required name=search_term_string"}],"inLanguage":"fr-FR"},{"@type":"WebPage","@id":"https:\/\/fr.areas.com\/fr\/presse\/#webpage","url":"https:\/\/fr.areas.com\/fr\/presse\/","name":"Presse - Areas | France","isPartOf":{"@id":"https:\/\/fr.areas.com\/fr\/#website"},"datePublished":"2023-05-05T12:44:18+00:00","dateModified":"2024-02-19T18:01:35+00:00","description":"Les communiqu\u00e9s de presse d'Areas France - D\u00e9couvrez nos actualit\u00e9s partout en France sur autoroutes, gares, a\u00e9roports et centre de Loisirs.","breadcrumb":{"@id":"https:\/\/fr.areas.com\/fr\/presse\/#breadcrumb"},"inLanguage":"fr-FR","potentialAction":[{"@type":"ReadAction","target":["https:\/\/fr.areas.com\/fr\/presse\/"]}]},{"@type":"BreadcrumbList","@id":"https:\/\/fr.areas.com\/fr\/presse\/#breadcrumb","itemListElement":[{"@type":"ListItem","position":1,"name":"Home","item":"https:\/\/fr.areas.com\/fr\/"},{"@type":"ListItem","position":2,"name":"Presse"}]}]}},"_links":{"self":[{"href":"https:\/\/fr.areas.com\/fr\/wp-json\/wp\/v2\/pages\/2961"}],"collection":[{"href":"https:\/\/fr.areas.com\/fr\/wp-json\/wp\/v2\/pages"}],"about":[{"href":"https:\/\/fr.areas.com\/fr\/wp-json\/wp\/v2\/types\/page"}],"author":[{"embeddable":true,"href":"https:\/\/fr.areas.com\/fr\/wp-json\/wp\/v2\/users\/29"}],"replies":[{"embeddable":true,"href":"https:\/\/fr.areas.com\/fr\/wp-json\/wp\/v2\/comments?post=2961"}],"version-history":[{"count":7,"href":"https:\/\/fr.areas.com\/fr\/wp-json\/wp\/v2\/pages\/2961\/revisions"}],"predecessor-version":[{"id":3085,"href":"https:\/\/fr.areas.com\/fr\/wp-json\/wp\/v2\/pages\/2961\/revisions\/3085"}],"wp:attachment":[{"href":"https:\/\/fr.areas.com\/fr\/wp-json\/wp\/v2\/media?parent=2961"}],"curies":[{"name":"wp","href":"https:\/\/api.w.org\/{rel}","templated":true}]}}