{"id":2217,"date":"2022-12-27T11:50:19","date_gmt":"2022-12-27T09:50:19","guid":{"rendered":"https:\/\/fr.areas.com\/?page_id=2217"},"modified":"2026-03-09T14:50:53","modified_gmt":"2026-03-09T12:50:53","slug":"a-propos","status":"publish","type":"page","link":"https:\/\/fr.areas.com\/fr\/a-propos\/","title":{"rendered":"\u00c0 propos"},"content":{"rendered":"","protected":false},"excerpt":{"rendered":"","protected":false},"author":29,"featured_media":0,"parent":0,"menu_order":0,"comment_status":"closed","ping_status":"closed","template":"temaplates\/page-full-width.php","meta":[],"acf":[],"yoast_head":"<!-- This site is optimized with the Yoast SEO plugin v17.6 - https:\/\/yoast.com\/wordpress\/plugins\/seo\/ -->\n<title>\u00c0 propos - Areas | France - Nous conna\u00eetre<\/title>\n<meta name=\"description\" content=\"Areas est un des acteurs majeurs de la restauration de concession en France. Nous op\u00e9rons des offres de restauration en gares, autoroutes...\" \/>\n<meta name=\"robots\" content=\"index, follow, max-snippet:-1, max-image-preview:large, max-video-preview:-1\" \/>\n<link rel=\"canonical\" href=\"https:\/\/fr.areas.com\/fr\/a-propos\/\" \/>\n<meta property=\"og:locale\" content=\"fr_FR\" \/>\n<meta property=\"og:type\" content=\"article\" \/>\n<meta property=\"og:title\" content=\"\u00c0 propos - Areas | France - Nous conna\u00eetre\" \/>\n<meta property=\"og:description\" content=\"Areas est un des acteurs majeurs de la restauration de concession en France. Nous op\u00e9rons des offres de restauration en gares, autoroutes...\" \/>\n<meta property=\"og:url\" content=\"https:\/\/fr.areas.com\/fr\/a-propos\/\" \/>\n<meta property=\"og:site_name\" content=\"Areas | France\" \/>\n<meta property=\"article:modified_time\" content=\"2026-03-09T12:50:53+00:00\" \/>\n<meta name=\"twitter:card\" content=\"summary_large_image\" \/>\n<script type=\"application\/ld+json\" class=\"yoast-schema-graph\">{\"@context\":\"https:\/\/schema.org\",\"@graph\":[{\"@type\":\"WebSite\",\"@id\":\"https:\/\/fr.areas.com\/fr\/#website\",\"url\":\"https:\/\/fr.areas.com\/fr\/\",\"name\":\"Areas | France\",\"description\":\"\",\"potentialAction\":[{\"@type\":\"SearchAction\",\"target\":{\"@type\":\"EntryPoint\",\"urlTemplate\":\"https:\/\/fr.areas.com\/fr\/?s={search_term_string}\"},\"query-input\":\"required name=search_term_string\"}],\"inLanguage\":\"fr-FR\"},{\"@type\":\"WebPage\",\"@id\":\"https:\/\/fr.areas.com\/fr\/a-propos\/#webpage\",\"url\":\"https:\/\/fr.areas.com\/fr\/a-propos\/\",\"name\":\"\\u00c0 propos - Areas | France - Nous conna\\u00eetre\",\"isPartOf\":{\"@id\":\"https:\/\/fr.areas.com\/fr\/#website\"},\"datePublished\":\"2022-12-27T09:50:19+00:00\",\"dateModified\":\"2026-03-09T12:50:53+00:00\",\"description\":\"Areas est un des acteurs majeurs de la restauration de concession en France. Nous op\\u00e9rons des offres de restauration en gares, autoroutes...\",\"breadcrumb\":{\"@id\":\"https:\/\/fr.areas.com\/fr\/a-propos\/#breadcrumb\"},\"inLanguage\":\"fr-FR\",\"potentialAction\":[{\"@type\":\"ReadAction\",\"target\":[\"https:\/\/fr.areas.com\/fr\/a-propos\/\"]}]},{\"@type\":\"BreadcrumbList\",\"@id\":\"https:\/\/fr.areas.com\/fr\/a-propos\/#breadcrumb\",\"itemListElement\":[{\"@type\":\"ListItem\",\"position\":1,\"name\":\"Home\",\"item\":\"https:\/\/fr.areas.com\/fr\/\"},{\"@type\":\"ListItem\",\"position\":2,\"name\":\"\\u00c0 propos\"}]}]}<\/script>\n<!-- \/ Yoast SEO plugin. -->","yoast_head_json":{"title":"\u00c0 propos - Areas | France - Nous conna\u00eetre","description":"Areas est un des acteurs majeurs de la restauration de concession en France. Nous op\u00e9rons des offres de restauration en gares, autoroutes...","robots":{"index":"index","follow":"follow","max-snippet":"max-snippet:-1","max-image-preview":"max-image-preview:large","max-video-preview":"max-video-preview:-1"},"canonical":"https:\/\/fr.areas.com\/fr\/a-propos\/","og_locale":"fr_FR","og_type":"article","og_title":"\u00c0 propos - Areas | France - Nous conna\u00eetre","og_description":"Areas est un des acteurs majeurs de la restauration de concession en France. Nous op\u00e9rons des offres de restauration en gares, autoroutes...","og_url":"https:\/\/fr.areas.com\/fr\/a-propos\/","og_site_name":"Areas | France","article_modified_time":"2026-03-09T12:50:53+00:00","twitter_card":"summary_large_image","schema":{"@context":"https:\/\/schema.org","@graph":[{"@type":"WebSite","@id":"https:\/\/fr.areas.com\/fr\/#website","url":"https:\/\/fr.areas.com\/fr\/","name":"Areas | France","description":"","potentialAction":[{"@type":"SearchAction","target":{"@type":"EntryPoint","urlTemplate":"https:\/\/fr.areas.com\/fr\/?s={search_term_string}"},"query-input":"required name=search_term_string"}],"inLanguage":"fr-FR"},{"@type":"WebPage","@id":"https:\/\/fr.areas.com\/fr\/a-propos\/#webpage","url":"https:\/\/fr.areas.com\/fr\/a-propos\/","name":"\u00c0 propos - Areas | France - Nous conna\u00eetre","isPartOf":{"@id":"https:\/\/fr.areas.com\/fr\/#website"},"datePublished":"2022-12-27T09:50:19+00:00","dateModified":"2026-03-09T12:50:53+00:00","description":"Areas est un des acteurs majeurs de la restauration de concession en France. Nous op\u00e9rons des offres de restauration en gares, autoroutes...","breadcrumb":{"@id":"https:\/\/fr.areas.com\/fr\/a-propos\/#breadcrumb"},"inLanguage":"fr-FR","potentialAction":[{"@type":"ReadAction","target":["https:\/\/fr.areas.com\/fr\/a-propos\/"]}]},{"@type":"BreadcrumbList","@id":"https:\/\/fr.areas.com\/fr\/a-propos\/#breadcrumb","itemListElement":[{"@type":"ListItem","position":1,"name":"Home","item":"https:\/\/fr.areas.com\/fr\/"},{"@type":"ListItem","position":2,"name":"\u00c0 propos"}]}]}},"_links":{"self":[{"href":"https:\/\/fr.areas.com\/fr\/wp-json\/wp\/v2\/pages\/2217"}],"collection":[{"href":"https:\/\/fr.areas.com\/fr\/wp-json\/wp\/v2\/pages"}],"about":[{"href":"https:\/\/fr.areas.com\/fr\/wp-json\/wp\/v2\/types\/page"}],"author":[{"embeddable":true,"href":"https:\/\/fr.areas.com\/fr\/wp-json\/wp\/v2\/users\/29"}],"replies":[{"embeddable":true,"href":"https:\/\/fr.areas.com\/fr\/wp-json\/wp\/v2\/comments?post=2217"}],"version-history":[{"count":39,"href":"https:\/\/fr.areas.com\/fr\/wp-json\/wp\/v2\/pages\/2217\/revisions"}],"predecessor-version":[{"id":3623,"href":"https:\/\/fr.areas.com\/fr\/wp-json\/wp\/v2\/pages\/2217\/revisions\/3623"}],"wp:attachment":[{"href":"https:\/\/fr.areas.com\/fr\/wp-json\/wp\/v2\/media?parent=2217"}],"curies":[{"name":"wp","href":"https:\/\/api.w.org\/{rel}","templated":true}]}}