{"id":2015,"date":"2019-10-29T17:02:35","date_gmt":"2019-10-29T15:02:35","guid":{"rendered":"http:\/\/fr.areas.com\/?page_id=2015"},"modified":"2025-07-08T17:38:50","modified_gmt":"2025-07-08T15:38:50","slug":"politique-de-cookies","status":"publish","type":"page","link":"https:\/\/fr.areas.com\/fr\/politique-de-cookies\/","title":{"rendered":"Politique de cookies"},"content":{"rendered":"<div class=\"col-12 col-md-8 mx-auto\">\n<div class=\"text-center\">\n<h1 class=\"title-line line-title\" style=\"text-align: center\"><b>Politique de cookies<\/b><\/h1>\n<\/div>\n<p><b>Qu&rsquo;est-ce qu&rsquo;un cookie?<\/b><\/p>\n<p><span style=\"font-weight: 400\">Les cookies sont de petites quantit\u00e9s d&rsquo;informations stock\u00e9es dans le navigateur utilis\u00e9 par chaque utilisateur (ci-apr\u00e8s, \u00ab\u00a0l&rsquo;utilisateur\u00a0\u00bb ou \u00ab\u00a0utilisateurs\u00a0\u00bb), de sorte que le serveur garde en m\u00e9moire certaines informations que seul le serveur qui les a impl\u00e9ment\u00e9es lira ult\u00e9rieurement. Les cookies ont g\u00e9n\u00e9ralement une dur\u00e9e limit\u00e9e dans le temps.<\/span><\/p>\n<p><span style=\"font-weight: 400\">Les cookies permettent aux visiteurs de ce site Web <\/span><a href=\"fr.areas.com\/fr\"><span style=\"font-weight: 400\">fr.areas.com\/fr<\/span><\/a><span style=\"font-weight: 400\"> (ci-apr\u00e8s d\u00e9nomm\u00e9 le \u00absite Web\u00bb), entre autres, de stocker et de conserver des informations sur les habitudes de navigation des utilisateurs qui acc\u00e8dent au site Web ou \u00e0 ses dispositifs et, en fonction des informations qu\u2019ils contiennent et de l\u2019utilisation qu\u2019ils font des dispositifs, ils peuvent \u00eatre utilis\u00e9s pour reconna\u00eetre l\u2019utilisateur.<\/span><\/p>\n<p>&nbsp;<\/p>\n<p><b>Quels cookies utilisons-nous?<\/b><\/p>\n<p><span style=\"font-weight: 400\">Le site Web utilise ses propres cookies et ceux de tiers.<\/span><\/p>\n<ul>\n<li><span style=\"font-weight: 400\"> Le site Web utilise ses propres cookies suivants:<\/span><\/li>\n<\/ul>\n<p><span style=\"font-weight: 400\">&#8211; <\/span><b>Cookies techniques<\/b><span style=\"font-weight: 400\"> (toujours activ\u00e9s) : il s\u2019agit de ceux qui permettent \u00e0 l\u2019utilisateur de naviguer dans une page Web et d\u2019utiliser les diff\u00e9rentes options ou services existants, tels que, par exemple, le contr\u00f4le du trafic et la communication de donn\u00e9es, la session, acc\u00e9der aux parties \u00e0 acc\u00e8s restreint, etc.<\/span><\/p>\n<p><span style=\"font-weight: 400\">&#8211; <\/span><b>Cookies de personnalisation et de publicit\u00e9 <\/b><span style=\"font-weight: 400\">: ce sont ceux qui permettent \u00e0 l&rsquo;utilisateur d&rsquo;acc\u00e9der au site Web avec certaines caract\u00e9ristiques g\u00e9n\u00e9rales pr\u00e9d\u00e9finies, telles que la langue, le type de navigateur utilis\u00e9 pour acc\u00e9der au service, la configuration r\u00e9gionale de votre lieu d\u2019acc\u00e8s au service, etc. Ces cookies sont \u00e9galement utilis\u00e9s pour rendre les messages publicitaires plus pertinents pour les utilisateurs et leurs int\u00e9r\u00eats.<\/span><\/p>\n<p><span style=\"font-weight: 400\">&#8211; <\/span><b>Cookies d&rsquo;analyse <\/b><span style=\"font-weight: 400\">: ce sont ceux qui permettent la surveillance et l&rsquo;analyse du comportement de l&rsquo;utilisateur. Les informations collect\u00e9es via ce type de cookies sont utilis\u00e9es dans la mesure de l&rsquo;activit\u00e9 du site Web et dans l&rsquo;\u00e9laboration des profils de navigation des utilisateurs, afin d&rsquo;apporter des am\u00e9liorations.<\/span><\/p>\n<p>&nbsp;<\/p>\n<ul>\n<li><span style=\"font-weight: 400\"> En outre, le site Web utilise les <\/span><b>cookies et les technologies tierces<\/b><span style=\"font-weight: 400\"> suivants, en fonction de leur objet:<\/span><\/li>\n<\/ul>\n<p>&nbsp;<\/p>\n<table class=\"table table-bordered cookiestable\">\n<thead>\n<tr class=\"border\">\n<td><strong>Objet du cookie<\/strong><\/td>\n<td colspan=\"2\"><strong>Nom du<\/strong><br \/>\n<strong>cookie<\/strong><\/td>\n<td><b>Description<\/b><\/td>\n<td colspan=\"2\"><strong>Origine \/ tiers<\/strong><br \/>\n<strong>titulaire<\/strong><\/td>\n<td><b>Dur\u00e9e<\/b><\/td>\n<\/tr>\n<\/thead>\n<tbody class=\"border\">\n<tr>\n<td rowspan=\"3\">Analytique<\/td>\n<td colspan=\"2\"><span style=\"font-weight: 400\">_ga<\/span><\/td>\n<td>Il est utilis\u00e9 pour distinguer les utilisateurs<\/td>\n<td colspan=\"2\"><span style=\"font-weight: 400\">\u00a0Google Analytics<\/span><\/td>\n<td><span style=\"font-weight: 400\">\u00a02 ann\u00e9es<\/span><\/td>\n<\/tr>\n<tr>\n<td colspan=\"2\"><span style=\"font-weight: 400\">_gid<\/span><\/td>\n<td>Il est utilis\u00e9 pour distinguer les utilisateurs<\/td>\n<td colspan=\"2\"><span style=\"font-weight: 400\">\u00a0Google Analytics<\/span><\/td>\n<td><span style=\"font-weight: 400\">\u00a024 heures<\/span><\/td>\n<\/tr>\n<tr>\n<td colspan=\"2\"><span style=\"font-weight: 400\">_gat<\/span><\/td>\n<td>Il est utilis\u00e9 pour limiter le pourcentage de demandes. Si Google Analytics a \u00e9t\u00e9 impl\u00e9ment\u00e9 via Google Tag Manager, ce cookie sera appel\u00e9 _dc_gtm_.<\/td>\n<td colspan=\"2\"><span style=\"font-weight: 400\">\u00a0Google Analytics<\/span><\/td>\n<td><span style=\"font-weight: 400\">\u00a01 minute<\/span><\/td>\n<\/tr>\n<tr>\n<td rowspan=\"5\">Technique<\/td>\n<td colspan=\"2\"><span style=\"font-weight: 400\">\u00a0awe_anon-client-id<\/span><\/td>\n<td><span style=\"font-weight: 400\"> Informations sur ce que l&rsquo;utilisateur fait pendant une seule session. Les cookies sont temporairement stock\u00e9s en m\u00e9moire et sont automatiquement supprim\u00e9s \u00e0 la fermeture du navigateur ou \u00e0 la fin de la session.<\/span><\/td>\n<td colspan=\"2\"><span style=\"font-weight: 400\">\u00a0Areas<\/span><\/td>\n<td><span style=\"font-weight: 400\"> S\u00e9ance<\/span><\/td>\n<\/tr>\n<tr>\n<td colspan=\"2\"><span style=\"font-weight: 400\">awe-cookie-authorization_is-set<\/span><\/td>\n<td rowspan=\"4\">G\u00e9rer les r\u00e9ponses des utilisateurs aux pr\u00e9f\u00e9rences des cookies<\/td>\n<td colspan=\"2\" rowspan=\"4\"><span style=\"font-weight: 400\"> Areas <\/span><\/td>\n<td rowspan=\"4\"><span style=\"font-weight: 400\"> 30 jours<\/span><\/td>\n<\/tr>\n<tr>\n<td colspan=\"2\"><span style=\"font-weight: 400\">awe-cookie-authorization_perf-track<\/span><\/td>\n<\/tr>\n<tr>\n<td colspan=\"2\"><span style=\"font-weight: 400\">awe-cookie-authorization_required<\/span><\/td>\n<\/tr>\n<tr>\n<td colspan=\"2\"><span style=\"font-weight: 400\">awe-cookie-authorization_user-pref<\/span><\/td>\n<\/tr>\n<tr>\n<td rowspan=\"2\">Autre<\/td>\n<td><span style=\"font-weight: 400\">ModalShown<\/span><\/td>\n<td colspan=\"2\">Pop-up pour les pr\u00e9f\u00e9rences des utilisateurs concernant les cookies<\/td>\n<td><span style=\"font-weight: 400\"> Areas <\/span><\/td>\n<td colspan=\"2\"><span style=\"font-weight: 400\"> 30 jours<\/span><\/td>\n<\/tr>\n<tr>\n<td><span style=\"font-weight: 400\">IDE<\/span><\/td>\n<td colspan=\"2\">Personnalisation des annonces<\/td>\n<td><span style=\"font-weight: 400\"> doubleclick.net <\/span><\/td>\n<td colspan=\"2\"><span style=\"font-weight: 400\"> 25 jours<\/span><\/td>\n<\/tr>\n<\/tbody>\n<\/table>\n<p>&nbsp;<\/p>\n<p><span style=\"font-weight: 400\">Pour plus d&rsquo;informations sur les cookies tiers, l&rsquo;utilisateur peut visiter:<\/span><\/p>\n<ul>\n<li style=\"font-weight: 400\"><i><a style=\"font-weight: 400\" href=\"https:\/\/developers.google.com\/analytics\/devguides\/collection\/analyticsjs\/cookie-usage\" target=\"_blank\" rel=\"noopener noreferrer\">Google Analytics<\/a><\/i><\/li>\n<li style=\"font-weight: 400\"><i><a style=\"font-weight: 400\" href=\"https:\/\/policies.google.com\/technologies\/types\" target=\"_blank\" rel=\"noopener noreferrer\">Google<\/a><\/i><\/li>\n<\/ul>\n<p>&nbsp;<\/p>\n<p><span style=\"font-weight: 400\">Ni ce site Web ni ses repr\u00e9sentants l\u00e9gaux ne sont responsables du contenu ou de la v\u00e9racit\u00e9 des politiques de confidentialit\u00e9 que les tiers mentionn\u00e9s dans cette politique de cookies peuvent avoir. Les navigateurs Web sont les outils charg\u00e9s de stocker les cookies. Les utilisateurs doivent exercer leur droit de les supprimer ou de les d\u00e9sactiver. Ni ce site Web ni ses repr\u00e9sentants l\u00e9gaux ne peuvent garantir la manipulation correcte ou incorrecte des cookies par ces navigateurs. Dans certains cas, il est n\u00e9cessaire d&rsquo;installer des cookies pour que le navigateur n&rsquo;oublie pas votre d\u00e9cision de ne pas les accepter.<\/span><\/p>\n<p>&nbsp;<\/p>\n<p><b>Qui utilise les cookies?<\/b><\/p>\n<p><span style=\"font-weight: 400\">Les informations obtenues par le biais de cookies seront collect\u00e9es et trait\u00e9es par AREAS SAS, dont le si\u00e8ge social est situ\u00e9 \u00e0 l&rsquo;adresse suivante: 150 boulevard Victor Hugo, CS 80001, 93589 SAINT-OUEN Cedex, et avec une adresse \u00e9lectronique, <\/span><a href=\"mailto:gdpr-contact@areas.com\"><span style=\"font-weight: 400\">gdpr-contact@areas.com<\/span><\/a><span style=\"font-weight: 400\">, pour la bonne gestion de ce site Web.<\/span><\/p>\n<p>&nbsp;<\/p>\n<p><b>Comment d\u00e9sactiver les cookies?<\/b><\/p>\n<p><span style=\"font-weight: 400\">L&rsquo;utilisateur peut bloquer ou supprimer les cookies via le navigateur Internet, mais s&rsquo;il le fait, l&rsquo;utilisation ou le chargement de la plate-forme peut poser probl\u00e8me.<\/span><\/p>\n<p><span style=\"font-weight: 400\">Les param\u00e8tres du navigateur Internet \u00e0 cette fin d\u00e9pendent du navigateur que vous utilisez. Ci-dessous, nous fournissons des liens vers les instructions propos\u00e9es par les principaux navigateurs pour supprimer les cookies:<\/span><\/p>\n<p><span style=\"font-weight: 400\">&#8211; Internet Explorer: <\/span><a href=\"http:\/\/windows.microsoft.com\/es-ES\/internet-explorer\/delete-manage-cookies#ie=ie-11-win-7\"><span style=\"font-weight: 400\">http:\/\/windows.microsoft.com\/es-ES\/internet-explorer\/delete-manage-cookies#ie=ie-11-win-7<\/span><\/a><\/p>\n<p><span style=\"font-weight: 400\">&#8211; Firefox: <\/span><a href=\"https:\/\/support.mozilla.org\/es\/kb\/Borrar%20cookies\"><span style=\"font-weight: 400\">https:\/\/support.mozilla.org\/es\/kb\/Borrar%20cookies<\/span><\/a><\/p>\n<p><span style=\"font-weight: 400\">&#8211; Chrome: <\/span><a href=\"https:\/\/support.google.com\/chrome\/answer\/95647\"><span style=\"font-weight: 400\">https:\/\/support.google.com\/chrome\/answer\/95647<\/span><\/a><\/p>\n<p>&nbsp;<\/p>\n<p><b>Modifications de la politique de cookies<\/b><\/p>\n<p><span style=\"font-weight: 400\">AREAS peut modifier cette politique de cookies en fonction de nouvelles exigences l\u00e9gislatives, r\u00e9glementaires ou dans le but d&rsquo;adapter cette politique aux instructions des autorit\u00e9s de protection des donn\u00e9es. Lorsque des modifications importantes sont apport\u00e9es \u00e0 cette politique de cookies, elles sont communiqu\u00e9es aux utilisateurs par le biais d&rsquo;une note informative publi\u00e9e sur le site Web. Pour toute question ou demande concernant cette politique de cookies, n&rsquo;h\u00e9sitez pas \u00e0 nous contacter en envoyant un email \u00e0 <\/span><a href=\"mailto:gdpr-contact@areas.com\"><span style=\"font-weight: 400\">gdpr-contact@areas.com<\/span><\/a><span style=\"font-weight: 400\">.<\/span><\/p>\n<p>&nbsp;<\/p>\n<p><b>R\u00e9seaux sociaux<\/b><\/p>\n<p><span style=\"font-weight: 400\">Le site Web utilise des applications informatiques \u00e9manant de tiers par le biais de boutons de partage social (notamment les boutons \u00ab Partager \u00bb issus de r\u00e9seaux sociaux) qui permettent \u00e0 l\u2019internaute de partager des contenus du Site avec des tiers ou de faire conna\u00eetre \u00e0 des tiers son opinion sur le contenu du Site.<\/span><\/p>\n<p><span style=\"font-weight: 400\">Lors de la navigation de l\u2019Utilisateur, la consultation d\u2019une page du site Web contenant un bouton de partage social \u00e9tablit en cas de clic sur le bouton de partage social une connexion directe avec les serveurs du r\u00e9seau social permettant la transmission au r\u00e9seau social et la publication sur son compte.<\/span><\/p>\n<p><span style=\"font-weight: 400\">Si vous ne souhaitez pas que le r\u00e9seau social relie les informations collect\u00e9es par l\u2019interm\u00e9diaire du site Web \u00e0 votre compte, il convient, au pr\u00e9alable de la visite de notre Site, de vous d\u00e9connecter du r\u00e9seau social.<\/span><\/p>\n<p><span style=\"font-weight: 400\">Les boutons de partage social sont soumis aux politiques de confidentialit\u00e9 et de protection de la vie priv\u00e9e des r\u00e9seaux sociaux que l\u2019internaute doit consulter afin de conna\u00eetre les finalit\u00e9s d\u2019utilisation des boutons de partage social.<\/span><\/p>\n<\/div>\n<p>&nbsp;<\/p>\n<p>&nbsp;<\/p>\n<div class=\"col-12 col-md-8 mx-auto\">\n<p>&nbsp;<\/p>\n<\/div>\n","protected":false},"excerpt":{"rendered":"<p>Politique de cookies Qu&rsquo;est-ce qu&rsquo;un cookie? Les cookies sont de petites quantit\u00e9s d&rsquo;informations stock\u00e9es dans le navigateur utilis\u00e9 par chaque utilisateur (ci-apr\u00e8s, \u00ab\u00a0l&r","protected":false},"author":2,"featured_media":0,"parent":0,"menu_order":0,"comment_status":"closed","ping_status":"closed","template":"temaplates\/page-full-width.php","meta":[],"acf":[],"yoast_head":"<!-- This site is optimized with the Yoast SEO plugin v17.6 - https:\/\/yoast.com\/wordpress\/plugins\/seo\/ -->\n<title>Politique de cookies - Areas | France<\/title>\n<meta name=\"robots\" content=\"index, follow, max-snippet:-1, max-image-preview:large, max-video-preview:-1\" \/>\n<link rel=\"canonical\" href=\"https:\/\/fr.areas.com\/fr\/politique-de-cookies\/\" \/>\n<meta property=\"og:locale\" content=\"fr_FR\" \/>\n<meta property=\"og:type\" content=\"article\" \/>\n<meta property=\"og:title\" content=\"Politique de cookies - Areas | France\" \/>\n<meta property=\"og:description\" content=\"Politique de cookies Qu&rsquo;est-ce qu&rsquo;un cookie? Les cookies sont de petites quantit\u00e9s d&rsquo;informations stock\u00e9es dans le navigateur utilis\u00e9 par chaque utilisateur (ci-apr\u00e8s, \u00ab\u00a0l&rsquo;utilisateur\u00a0\u00bb ou \u00ab\u00a0utilisateurs\u00a0\u00bb), de sorte que le serveur garde en m\u00e9moire certaines informations que seul le serveur qui les a impl\u00e9ment\u00e9es lira ult\u00e9rieurement. Les cookies ont g\u00e9n\u00e9ralement une dur\u00e9e limit\u00e9e dans le temps.[...]\" \/>\n<meta property=\"og:url\" content=\"https:\/\/fr.areas.com\/fr\/politique-de-cookies\/\" \/>\n<meta property=\"og:site_name\" content=\"Areas | France\" \/>\n<meta property=\"article:modified_time\" content=\"2025-07-08T15:38:50+00:00\" \/>\n<meta name=\"twitter:card\" content=\"summary_large_image\" \/>\n<meta name=\"twitter:label1\" content=\"Est. reading time\" \/>\n\t<meta name=\"twitter:data1\" content=\"5 minutes\" \/>\n<script type=\"application\/ld+json\" class=\"yoast-schema-graph\">{\"@context\":\"https:\/\/schema.org\",\"@graph\":[{\"@type\":\"WebSite\",\"@id\":\"https:\/\/fr.areas.com\/fr\/#website\",\"url\":\"https:\/\/fr.areas.com\/fr\/\",\"name\":\"Areas | France\",\"description\":\"\",\"potentialAction\":[{\"@type\":\"SearchAction\",\"target\":{\"@type\":\"EntryPoint\",\"urlTemplate\":\"https:\/\/fr.areas.com\/fr\/?s={search_term_string}\"},\"query-input\":\"required name=search_term_string\"}],\"inLanguage\":\"fr-FR\"},{\"@type\":\"WebPage\",\"@id\":\"https:\/\/fr.areas.com\/fr\/politique-de-cookies\/#webpage\",\"url\":\"https:\/\/fr.areas.com\/fr\/politique-de-cookies\/\",\"name\":\"Politique de cookies - Areas | France\",\"isPartOf\":{\"@id\":\"https:\/\/fr.areas.com\/fr\/#website\"},\"datePublished\":\"2019-10-29T15:02:35+00:00\",\"dateModified\":\"2025-07-08T15:38:50+00:00\",\"breadcrumb\":{\"@id\":\"https:\/\/fr.areas.com\/fr\/politique-de-cookies\/#breadcrumb\"},\"inLanguage\":\"fr-FR\",\"potentialAction\":[{\"@type\":\"ReadAction\",\"target\":[\"https:\/\/fr.areas.com\/fr\/politique-de-cookies\/\"]}]},{\"@type\":\"BreadcrumbList\",\"@id\":\"https:\/\/fr.areas.com\/fr\/politique-de-cookies\/#breadcrumb\",\"itemListElement\":[{\"@type\":\"ListItem\",\"position\":1,\"name\":\"Home\",\"item\":\"https:\/\/fr.areas.com\/fr\/\"},{\"@type\":\"ListItem\",\"position\":2,\"name\":\"Politique de cookies\"}]}]}<\/script>\n<!-- \/ Yoast SEO plugin. -->","yoast_head_json":{"title":"Politique de cookies - Areas | France","robots":{"index":"index","follow":"follow","max-snippet":"max-snippet:-1","max-image-preview":"max-image-preview:large","max-video-preview":"max-video-preview:-1"},"canonical":"https:\/\/fr.areas.com\/fr\/politique-de-cookies\/","og_locale":"fr_FR","og_type":"article","og_title":"Politique de cookies - Areas | France","og_description":"Politique de cookies Qu&rsquo;est-ce qu&rsquo;un cookie? Les cookies sont de petites quantit\u00e9s d&rsquo;informations stock\u00e9es dans le navigateur utilis\u00e9 par chaque utilisateur (ci-apr\u00e8s, \u00ab\u00a0l&rsquo;utilisateur\u00a0\u00bb ou \u00ab\u00a0utilisateurs\u00a0\u00bb), de sorte que le serveur garde en m\u00e9moire certaines informations que seul le serveur qui les a impl\u00e9ment\u00e9es lira ult\u00e9rieurement. Les cookies ont g\u00e9n\u00e9ralement une dur\u00e9e limit\u00e9e dans le temps.[...]","og_url":"https:\/\/fr.areas.com\/fr\/politique-de-cookies\/","og_site_name":"Areas | France","article_modified_time":"2025-07-08T15:38:50+00:00","twitter_card":"summary_large_image","twitter_misc":{"Est. reading time":"5 minutes"},"schema":{"@context":"https:\/\/schema.org","@graph":[{"@type":"WebSite","@id":"https:\/\/fr.areas.com\/fr\/#website","url":"https:\/\/fr.areas.com\/fr\/","name":"Areas | France","description":"","potentialAction":[{"@type":"SearchAction","target":{"@type":"EntryPoint","urlTemplate":"https:\/\/fr.areas.com\/fr\/?s={search_term_string}"},"query-input":"required name=search_term_string"}],"inLanguage":"fr-FR"},{"@type":"WebPage","@id":"https:\/\/fr.areas.com\/fr\/politique-de-cookies\/#webpage","url":"https:\/\/fr.areas.com\/fr\/politique-de-cookies\/","name":"Politique de cookies - Areas | France","isPartOf":{"@id":"https:\/\/fr.areas.com\/fr\/#website"},"datePublished":"2019-10-29T15:02:35+00:00","dateModified":"2025-07-08T15:38:50+00:00","breadcrumb":{"@id":"https:\/\/fr.areas.com\/fr\/politique-de-cookies\/#breadcrumb"},"inLanguage":"fr-FR","potentialAction":[{"@type":"ReadAction","target":["https:\/\/fr.areas.com\/fr\/politique-de-cookies\/"]}]},{"@type":"BreadcrumbList","@id":"https:\/\/fr.areas.com\/fr\/politique-de-cookies\/#breadcrumb","itemListElement":[{"@type":"ListItem","position":1,"name":"Home","item":"https:\/\/fr.areas.com\/fr\/"},{"@type":"ListItem","position":2,"name":"Politique de cookies"}]}]}},"_links":{"self":[{"href":"https:\/\/fr.areas.com\/fr\/wp-json\/wp\/v2\/pages\/2015"}],"collection":[{"href":"https:\/\/fr.areas.com\/fr\/wp-json\/wp\/v2\/pages"}],"about":[{"href":"https:\/\/fr.areas.com\/fr\/wp-json\/wp\/v2\/types\/page"}],"author":[{"embeddable":true,"href":"https:\/\/fr.areas.com\/fr\/wp-json\/wp\/v2\/users\/2"}],"replies":[{"embeddable":true,"href":"https:\/\/fr.areas.com\/fr\/wp-json\/wp\/v2\/comments?post=2015"}],"version-history":[{"count":13,"href":"https:\/\/fr.areas.com\/fr\/wp-json\/wp\/v2\/pages\/2015\/revisions"}],"predecessor-version":[{"id":3570,"href":"https:\/\/fr.areas.com\/fr\/wp-json\/wp\/v2\/pages\/2015\/revisions\/3570"}],"wp:attachment":[{"href":"https:\/\/fr.areas.com\/fr\/wp-json\/wp\/v2\/media?parent=2015"}],"curies":[{"name":"wp","href":"https:\/\/api.w.org\/{rel}","templated":true}]}}